{"id":21343,"date":"2020-12-06T19:56:02","date_gmt":"2020-12-06T19:56:02","guid":{"rendered":"http:\/\/142.93.109.93\/?page_id=21343"},"modified":"2022-04-02T13:26:44","modified_gmt":"2022-04-02T13:26:44","slug":"teslimat-ve-iptal","status":"publish","type":"page","link":"https:\/\/www.hotballoonride.com\/tr\/teslimat-ve-iptal\/","title":{"rendered":"Teslimat ve \u0130ptal"},"content":{"rendered":"","protected":false},"excerpt":{"rendered":"","protected":false},"author":1,"featured_media":0,"parent":0,"menu_order":0,"comment_status":"closed","ping_status":"closed","template":"","meta":[],"yoast_head":"<!-- This site is optimized with the Yoast SEO plugin v21.1 - https:\/\/yoast.com\/wordpress\/plugins\/seo\/ -->\n<title>Teslimat ve \u0130ptal - T\u00fcrkiye S\u0131cak Hava Balonu TR<\/title>\n<meta name=\"robots\" content=\"noindex, nofollow\" \/>\n<meta property=\"og:locale\" content=\"tr_TR\" \/>\n<meta property=\"og:type\" content=\"article\" \/>\n<meta property=\"og:title\" content=\"Teslimat ve \u0130ptal - T\u00fcrkiye S\u0131cak Hava Balonu TR\" \/>\n<meta property=\"og:url\" content=\"https:\/\/www.hotballoonride.com\/tr\/teslimat-ve-iptal\/\" \/>\n<meta property=\"og:site_name\" content=\"T\u00fcrkiye S\u0131cak Hava Balonu TR\" \/>\n<meta property=\"article:modified_time\" content=\"2022-04-02T13:26:44+00:00\" \/>\n<meta name=\"twitter:card\" content=\"summary_large_image\" \/>\n<script type=\"application\/ld+json\" class=\"yoast-schema-graph\">{\"@context\":\"https:\/\/schema.org\",\"@graph\":[{\"@type\":\"WebPage\",\"@id\":\"https:\/\/www.hotballoonride.com\/tr\/teslimat-ve-iptal\/\",\"url\":\"https:\/\/www.hotballoonride.com\/tr\/teslimat-ve-iptal\/\",\"name\":\"Teslimat ve \u0130ptal - T\u00fcrkiye S\u0131cak Hava Balonu TR\",\"isPartOf\":{\"@id\":\"https:\/\/www.hotballoonride.com\/tr\/#website\"},\"datePublished\":\"2020-12-06T19:56:02+00:00\",\"dateModified\":\"2022-04-02T13:26:44+00:00\",\"breadcrumb\":{\"@id\":\"https:\/\/www.hotballoonride.com\/tr\/teslimat-ve-iptal\/#breadcrumb\"},\"inLanguage\":\"tr\",\"potentialAction\":[{\"@type\":\"ReadAction\",\"target\":[\"https:\/\/www.hotballoonride.com\/tr\/teslimat-ve-iptal\/\"]}]},{\"@type\":\"BreadcrumbList\",\"@id\":\"https:\/\/www.hotballoonride.com\/tr\/teslimat-ve-iptal\/#breadcrumb\",\"itemListElement\":[{\"@type\":\"ListItem\",\"position\":1,\"name\":\"Home\",\"item\":\"https:\/\/www.hotballoonride.com\/tr\/\"},{\"@type\":\"ListItem\",\"position\":2,\"name\":\"Teslimat ve \u0130ptal\"}]},{\"@type\":\"WebSite\",\"@id\":\"https:\/\/www.hotballoonride.com\/tr\/#website\",\"url\":\"https:\/\/www.hotballoonride.com\/tr\/\",\"name\":\"T\u00fcrkiye S\u0131cak Hava Balonu TR\",\"description\":\"S\u0131cak Hava Balon Turlar\u0131\",\"potentialAction\":[{\"@type\":\"SearchAction\",\"target\":{\"@type\":\"EntryPoint\",\"urlTemplate\":\"https:\/\/www.hotballoonride.com\/tr\/?s={search_term_string}\"},\"query-input\":\"required name=search_term_string\"}],\"inLanguage\":\"tr\"}]}<\/script>\n<!-- \/ Yoast SEO plugin. -->","yoast_head_json":{"title":"Teslimat ve \u0130ptal - T\u00fcrkiye S\u0131cak Hava Balonu TR","robots":{"index":"noindex","follow":"nofollow"},"og_locale":"tr_TR","og_type":"article","og_title":"Teslimat ve \u0130ptal - T\u00fcrkiye S\u0131cak Hava Balonu TR","og_url":"https:\/\/www.hotballoonride.com\/tr\/teslimat-ve-iptal\/","og_site_name":"T\u00fcrkiye S\u0131cak Hava Balonu TR","article_modified_time":"2022-04-02T13:26:44+00:00","twitter_card":"summary_large_image","schema":{"@context":"https:\/\/schema.org","@graph":[{"@type":"WebPage","@id":"https:\/\/www.hotballoonride.com\/tr\/teslimat-ve-iptal\/","url":"https:\/\/www.hotballoonride.com\/tr\/teslimat-ve-iptal\/","name":"Teslimat ve \u0130ptal - T\u00fcrkiye S\u0131cak Hava Balonu TR","isPartOf":{"@id":"https:\/\/www.hotballoonride.com\/tr\/#website"},"datePublished":"2020-12-06T19:56:02+00:00","dateModified":"2022-04-02T13:26:44+00:00","breadcrumb":{"@id":"https:\/\/www.hotballoonride.com\/tr\/teslimat-ve-iptal\/#breadcrumb"},"inLanguage":"tr","potentialAction":[{"@type":"ReadAction","target":["https:\/\/www.hotballoonride.com\/tr\/teslimat-ve-iptal\/"]}]},{"@type":"BreadcrumbList","@id":"https:\/\/www.hotballoonride.com\/tr\/teslimat-ve-iptal\/#breadcrumb","itemListElement":[{"@type":"ListItem","position":1,"name":"Home","item":"https:\/\/www.hotballoonride.com\/tr\/"},{"@type":"ListItem","position":2,"name":"Teslimat ve \u0130ptal"}]},{"@type":"WebSite","@id":"https:\/\/www.hotballoonride.com\/tr\/#website","url":"https:\/\/www.hotballoonride.com\/tr\/","name":"T\u00fcrkiye S\u0131cak Hava Balonu TR","description":"S\u0131cak Hava Balon Turlar\u0131","potentialAction":[{"@type":"SearchAction","target":{"@type":"EntryPoint","urlTemplate":"https:\/\/www.hotballoonride.com\/tr\/?s={search_term_string}"},"query-input":"required name=search_term_string"}],"inLanguage":"tr"}]}},"_links":{"self":[{"href":"https:\/\/www.hotballoonride.com\/tr\/wp-json\/wp\/v2\/pages\/21343"}],"collection":[{"href":"https:\/\/www.hotballoonride.com\/tr\/wp-json\/wp\/v2\/pages"}],"about":[{"href":"https:\/\/www.hotballoonride.com\/tr\/wp-json\/wp\/v2\/types\/page"}],"author":[{"embeddable":true,"href":"https:\/\/www.hotballoonride.com\/tr\/wp-json\/wp\/v2\/users\/1"}],"replies":[{"embeddable":true,"href":"https:\/\/www.hotballoonride.com\/tr\/wp-json\/wp\/v2\/comments?post=21343"}],"version-history":[{"count":5,"href":"https:\/\/www.hotballoonride.com\/tr\/wp-json\/wp\/v2\/pages\/21343\/revisions"}],"predecessor-version":[{"id":22597,"href":"https:\/\/www.hotballoonride.com\/tr\/wp-json\/wp\/v2\/pages\/21343\/revisions\/22597"}],"wp:attachment":[{"href":"https:\/\/www.hotballoonride.com\/tr\/wp-json\/wp\/v2\/media?parent=21343"}],"curies":[{"name":"wp","href":"https:\/\/api.w.org\/{rel}","templated":true}]}}