{"id":21341,"date":"2020-12-06T19:52:19","date_gmt":"2020-12-06T19:52:19","guid":{"rendered":"http:\/\/142.93.109.93\/?page_id=21341"},"modified":"2022-04-02T13:30:34","modified_gmt":"2022-04-02T13:30:34","slug":"sartlar-ve-kosullar","status":"publish","type":"page","link":"https:\/\/www.hotballoonride.com\/tr\/sartlar-ve-kosullar\/","title":{"rendered":"\u015eartlar ve ko\u015fullar"},"content":{"rendered":"","protected":false},"excerpt":{"rendered":"","protected":false},"author":1,"featured_media":0,"parent":0,"menu_order":0,"comment_status":"closed","ping_status":"closed","template":"","meta":[],"yoast_head":"<!-- This site is optimized with the Yoast SEO plugin v21.1 - https:\/\/yoast.com\/wordpress\/plugins\/seo\/ -->\n<title>\u015eartlar ve ko\u015fullar - T\u00fcrkiye S\u0131cak Hava Balonu TR<\/title>\n<meta name=\"robots\" content=\"noindex, nofollow\" \/>\n<meta property=\"og:locale\" content=\"tr_TR\" \/>\n<meta property=\"og:type\" content=\"article\" \/>\n<meta property=\"og:title\" content=\"\u015eartlar ve ko\u015fullar - T\u00fcrkiye S\u0131cak Hava Balonu TR\" \/>\n<meta property=\"og:url\" content=\"https:\/\/www.hotballoonride.com\/tr\/sartlar-ve-kosullar\/\" \/>\n<meta property=\"og:site_name\" content=\"T\u00fcrkiye S\u0131cak Hava Balonu TR\" \/>\n<meta property=\"article:modified_time\" content=\"2022-04-02T13:30:34+00:00\" \/>\n<meta name=\"twitter:card\" content=\"summary_large_image\" \/>\n<script type=\"application\/ld+json\" class=\"yoast-schema-graph\">{\"@context\":\"https:\/\/schema.org\",\"@graph\":[{\"@type\":\"WebPage\",\"@id\":\"https:\/\/www.hotballoonride.com\/tr\/sartlar-ve-kosullar\/\",\"url\":\"https:\/\/www.hotballoonride.com\/tr\/sartlar-ve-kosullar\/\",\"name\":\"\u015eartlar ve ko\u015fullar - T\u00fcrkiye S\u0131cak Hava Balonu TR\",\"isPartOf\":{\"@id\":\"https:\/\/www.hotballoonride.com\/tr\/#website\"},\"datePublished\":\"2020-12-06T19:52:19+00:00\",\"dateModified\":\"2022-04-02T13:30:34+00:00\",\"breadcrumb\":{\"@id\":\"https:\/\/www.hotballoonride.com\/tr\/sartlar-ve-kosullar\/#breadcrumb\"},\"inLanguage\":\"tr\",\"potentialAction\":[{\"@type\":\"ReadAction\",\"target\":[\"https:\/\/www.hotballoonride.com\/tr\/sartlar-ve-kosullar\/\"]}]},{\"@type\":\"BreadcrumbList\",\"@id\":\"https:\/\/www.hotballoonride.com\/tr\/sartlar-ve-kosullar\/#breadcrumb\",\"itemListElement\":[{\"@type\":\"ListItem\",\"position\":1,\"name\":\"Home\",\"item\":\"https:\/\/www.hotballoonride.com\/tr\/\"},{\"@type\":\"ListItem\",\"position\":2,\"name\":\"\u015eartlar ve ko\u015fullar\"}]},{\"@type\":\"WebSite\",\"@id\":\"https:\/\/www.hotballoonride.com\/tr\/#website\",\"url\":\"https:\/\/www.hotballoonride.com\/tr\/\",\"name\":\"T\u00fcrkiye S\u0131cak Hava Balonu TR\",\"description\":\"S\u0131cak Hava Balon Turlar\u0131\",\"potentialAction\":[{\"@type\":\"SearchAction\",\"target\":{\"@type\":\"EntryPoint\",\"urlTemplate\":\"https:\/\/www.hotballoonride.com\/tr\/?s={search_term_string}\"},\"query-input\":\"required name=search_term_string\"}],\"inLanguage\":\"tr\"}]}<\/script>\n<!-- \/ Yoast SEO plugin. -->","yoast_head_json":{"title":"\u015eartlar ve ko\u015fullar - T\u00fcrkiye S\u0131cak Hava Balonu TR","robots":{"index":"noindex","follow":"nofollow"},"og_locale":"tr_TR","og_type":"article","og_title":"\u015eartlar ve ko\u015fullar - T\u00fcrkiye S\u0131cak Hava Balonu TR","og_url":"https:\/\/www.hotballoonride.com\/tr\/sartlar-ve-kosullar\/","og_site_name":"T\u00fcrkiye S\u0131cak Hava Balonu TR","article_modified_time":"2022-04-02T13:30:34+00:00","twitter_card":"summary_large_image","schema":{"@context":"https:\/\/schema.org","@graph":[{"@type":"WebPage","@id":"https:\/\/www.hotballoonride.com\/tr\/sartlar-ve-kosullar\/","url":"https:\/\/www.hotballoonride.com\/tr\/sartlar-ve-kosullar\/","name":"\u015eartlar ve ko\u015fullar - T\u00fcrkiye S\u0131cak Hava Balonu TR","isPartOf":{"@id":"https:\/\/www.hotballoonride.com\/tr\/#website"},"datePublished":"2020-12-06T19:52:19+00:00","dateModified":"2022-04-02T13:30:34+00:00","breadcrumb":{"@id":"https:\/\/www.hotballoonride.com\/tr\/sartlar-ve-kosullar\/#breadcrumb"},"inLanguage":"tr","potentialAction":[{"@type":"ReadAction","target":["https:\/\/www.hotballoonride.com\/tr\/sartlar-ve-kosullar\/"]}]},{"@type":"BreadcrumbList","@id":"https:\/\/www.hotballoonride.com\/tr\/sartlar-ve-kosullar\/#breadcrumb","itemListElement":[{"@type":"ListItem","position":1,"name":"Home","item":"https:\/\/www.hotballoonride.com\/tr\/"},{"@type":"ListItem","position":2,"name":"\u015eartlar ve ko\u015fullar"}]},{"@type":"WebSite","@id":"https:\/\/www.hotballoonride.com\/tr\/#website","url":"https:\/\/www.hotballoonride.com\/tr\/","name":"T\u00fcrkiye S\u0131cak Hava Balonu TR","description":"S\u0131cak Hava Balon Turlar\u0131","potentialAction":[{"@type":"SearchAction","target":{"@type":"EntryPoint","urlTemplate":"https:\/\/www.hotballoonride.com\/tr\/?s={search_term_string}"},"query-input":"required name=search_term_string"}],"inLanguage":"tr"}]}},"_links":{"self":[{"href":"https:\/\/www.hotballoonride.com\/tr\/wp-json\/wp\/v2\/pages\/21341"}],"collection":[{"href":"https:\/\/www.hotballoonride.com\/tr\/wp-json\/wp\/v2\/pages"}],"about":[{"href":"https:\/\/www.hotballoonride.com\/tr\/wp-json\/wp\/v2\/types\/page"}],"author":[{"embeddable":true,"href":"https:\/\/www.hotballoonride.com\/tr\/wp-json\/wp\/v2\/users\/1"}],"replies":[{"embeddable":true,"href":"https:\/\/www.hotballoonride.com\/tr\/wp-json\/wp\/v2\/comments?post=21341"}],"version-history":[{"count":4,"href":"https:\/\/www.hotballoonride.com\/tr\/wp-json\/wp\/v2\/pages\/21341\/revisions"}],"predecessor-version":[{"id":22598,"href":"https:\/\/www.hotballoonride.com\/tr\/wp-json\/wp\/v2\/pages\/21341\/revisions\/22598"}],"wp:attachment":[{"href":"https:\/\/www.hotballoonride.com\/tr\/wp-json\/wp\/v2\/media?parent=21341"}],"curies":[{"name":"wp","href":"https:\/\/api.w.org\/{rel}","templated":true}]}}