{"id":5228,"date":"2018-06-20T07:45:07","date_gmt":"2018-06-20T07:45:07","guid":{"rendered":"https:\/\/demo.goodlayers.com\/traveltour\/yachttour\/?page_id=5228"},"modified":"2022-04-10T16:14:37","modified_gmt":"2022-04-10T16:14:37","slug":"homepage","status":"publish","type":"page","link":"https:\/\/www.hotballoonride.com\/pl\/","title":{"rendered":"Homepage"},"content":{"rendered":"","protected":false},"excerpt":{"rendered":"","protected":false},"author":1,"featured_media":0,"parent":0,"menu_order":0,"comment_status":"closed","ping_status":"closed","template":"","meta":[],"yoast_head":"<!-- This site is optimized with the Yoast SEO plugin v21.1 - https:\/\/yoast.com\/wordpress\/plugins\/seo\/ -->\n<title>Turcja Balon na ogrzane powietrze - Loty balonem na ogrzane powietrze w Turcji<\/title>\n<meta name=\"description\" content=\"Najlepsze wycieczki balonem na ogrzane powietrze w Turcji. Mo\u017cesz dokona\u0107 rezerwacji online BEZ P\u0141ATNO\u015aCI ONLINE, wi\u0119c nie potrzebujesz \u017cadnych kart kredytowych, ani przelew\u00f3w.\" \/>\n<meta name=\"robots\" content=\"index, follow, max-snippet:-1, max-image-preview:large, max-video-preview:-1\" \/>\n<link rel=\"canonical\" href=\"https:\/\/www.hotballoonride.com\/pl\/\" \/>\n<meta property=\"og:locale\" content=\"pl_PL\" \/>\n<meta property=\"og:type\" content=\"article\" \/>\n<meta property=\"og:title\" content=\"Turcja Balon na ogrzane powietrze - Loty balonem na ogrzane powietrze w Turcji\" \/>\n<meta property=\"og:description\" content=\"Najlepsze wycieczki balonem na ogrzane powietrze w Turcji. Mo\u017cesz dokona\u0107 rezerwacji online BEZ P\u0141ATNO\u015aCI ONLINE, wi\u0119c nie potrzebujesz \u017cadnych kart kredytowych, ani przelew\u00f3w.\" \/>\n<meta property=\"og:url\" content=\"https:\/\/www.hotballoonride.com\/pl\/\" \/>\n<meta property=\"og:site_name\" content=\"Turkey Hot Air Balloon PL\" \/>\n<meta property=\"article:modified_time\" content=\"2022-04-10T16:14:37+00:00\" \/>\n<meta property=\"og:image\" content=\"https:\/\/www.hotballoonride.com\/pl\/wp-content\/uploads\/sites\/3\/2020\/12\/wwwrrr.jpg\" \/>\n\t<meta property=\"og:image:width\" content=\"1900\" \/>\n\t<meta property=\"og:image:height\" content=\"1069\" \/>\n\t<meta property=\"og:image:type\" content=\"image\/jpeg\" \/>\n<meta name=\"twitter:card\" content=\"summary_large_image\" \/>\n<meta name=\"twitter:title\" content=\"Turcja Balon na ogrzane powietrze - Loty balonem na ogrzane powietrze w Turcji\" \/>\n<meta name=\"twitter:description\" content=\"Najlepsze wycieczki balonem na ogrzane powietrze w Turcji. Mo\u017cesz dokona\u0107 rezerwacji online BEZ P\u0141ATNO\u015aCI ONLINE, wi\u0119c nie potrzebujesz \u017cadnych kart kredytowych, ani przelew\u00f3w.\" \/>\n<meta name=\"twitter:image\" content=\"https:\/\/www.hotballoonride.com\/pl\/wp-content\/uploads\/sites\/3\/2020\/12\/wwwrrr.jpg\" \/>\n<script type=\"application\/ld+json\" class=\"yoast-schema-graph\">{\"@context\":\"https:\/\/schema.org\",\"@graph\":[{\"@type\":\"WebPage\",\"@id\":\"https:\/\/www.hotballoonride.com\/pl\/\",\"url\":\"https:\/\/www.hotballoonride.com\/pl\/\",\"name\":\"Turcja Balon na ogrzane powietrze - Loty balonem na ogrzane powietrze w Turcji\",\"isPartOf\":{\"@id\":\"https:\/\/www.hotballoonride.com\/pl\/#website\"},\"datePublished\":\"2018-06-20T07:45:07+00:00\",\"dateModified\":\"2022-04-10T16:14:37+00:00\",\"description\":\"Najlepsze wycieczki balonem na ogrzane powietrze w Turcji. Mo\u017cesz dokona\u0107 rezerwacji online BEZ P\u0141ATNO\u015aCI ONLINE, wi\u0119c nie potrzebujesz \u017cadnych kart kredytowych, ani przelew\u00f3w.\",\"breadcrumb\":{\"@id\":\"https:\/\/www.hotballoonride.com\/pl\/#breadcrumb\"},\"inLanguage\":\"pl-PL\",\"potentialAction\":[{\"@type\":\"ReadAction\",\"target\":[\"https:\/\/www.hotballoonride.com\/pl\/\"]}]},{\"@type\":\"BreadcrumbList\",\"@id\":\"https:\/\/www.hotballoonride.com\/pl\/#breadcrumb\",\"itemListElement\":[{\"@type\":\"ListItem\",\"position\":1,\"name\":\"Home\",\"item\":\"https:\/\/www.hotballoonride.com\/pl\/\"},{\"@type\":\"ListItem\",\"position\":2,\"name\":\"Homepage\"}]},{\"@type\":\"WebSite\",\"@id\":\"https:\/\/www.hotballoonride.com\/pl\/#website\",\"url\":\"https:\/\/www.hotballoonride.com\/pl\/\",\"name\":\"Turkey Hot Air Balloon PL\",\"description\":\"www.hotballoonride.com\/pl\",\"potentialAction\":[{\"@type\":\"SearchAction\",\"target\":{\"@type\":\"EntryPoint\",\"urlTemplate\":\"https:\/\/www.hotballoonride.com\/pl\/?s={search_term_string}\"},\"query-input\":\"required name=search_term_string\"}],\"inLanguage\":\"pl-PL\"}]}<\/script>\n<!-- \/ Yoast SEO plugin. -->","yoast_head_json":{"title":"Turcja Balon na ogrzane powietrze - Loty balonem na ogrzane powietrze w Turcji","description":"Najlepsze wycieczki balonem na ogrzane powietrze w Turcji. Mo\u017cesz dokona\u0107 rezerwacji online BEZ P\u0141ATNO\u015aCI ONLINE, wi\u0119c nie potrzebujesz \u017cadnych kart kredytowych, ani przelew\u00f3w.","robots":{"index":"index","follow":"follow","max-snippet":"max-snippet:-1","max-image-preview":"max-image-preview:large","max-video-preview":"max-video-preview:-1"},"canonical":"https:\/\/www.hotballoonride.com\/pl\/","og_locale":"pl_PL","og_type":"article","og_title":"Turcja Balon na ogrzane powietrze - Loty balonem na ogrzane powietrze w Turcji","og_description":"Najlepsze wycieczki balonem na ogrzane powietrze w Turcji. Mo\u017cesz dokona\u0107 rezerwacji online BEZ P\u0141ATNO\u015aCI ONLINE, wi\u0119c nie potrzebujesz \u017cadnych kart kredytowych, ani przelew\u00f3w.","og_url":"https:\/\/www.hotballoonride.com\/pl\/","og_site_name":"Turkey Hot Air Balloon PL","article_modified_time":"2022-04-10T16:14:37+00:00","og_image":[{"width":1900,"height":1069,"url":"https:\/\/www.hotballoonride.com\/pl\/wp-content\/uploads\/sites\/3\/2020\/12\/wwwrrr.jpg","type":"image\/jpeg"}],"twitter_card":"summary_large_image","twitter_title":"Turcja Balon na ogrzane powietrze - Loty balonem na ogrzane powietrze w Turcji","twitter_description":"Najlepsze wycieczki balonem na ogrzane powietrze w Turcji. Mo\u017cesz dokona\u0107 rezerwacji online BEZ P\u0141ATNO\u015aCI ONLINE, wi\u0119c nie potrzebujesz \u017cadnych kart kredytowych, ani przelew\u00f3w.","twitter_image":"https:\/\/www.hotballoonride.com\/pl\/wp-content\/uploads\/sites\/3\/2020\/12\/wwwrrr.jpg","schema":{"@context":"https:\/\/schema.org","@graph":[{"@type":"WebPage","@id":"https:\/\/www.hotballoonride.com\/pl\/","url":"https:\/\/www.hotballoonride.com\/pl\/","name":"Turcja Balon na ogrzane powietrze - Loty balonem na ogrzane powietrze w Turcji","isPartOf":{"@id":"https:\/\/www.hotballoonride.com\/pl\/#website"},"datePublished":"2018-06-20T07:45:07+00:00","dateModified":"2022-04-10T16:14:37+00:00","description":"Najlepsze wycieczki balonem na ogrzane powietrze w Turcji. Mo\u017cesz dokona\u0107 rezerwacji online BEZ P\u0141ATNO\u015aCI ONLINE, wi\u0119c nie potrzebujesz \u017cadnych kart kredytowych, ani przelew\u00f3w.","breadcrumb":{"@id":"https:\/\/www.hotballoonride.com\/pl\/#breadcrumb"},"inLanguage":"pl-PL","potentialAction":[{"@type":"ReadAction","target":["https:\/\/www.hotballoonride.com\/pl\/"]}]},{"@type":"BreadcrumbList","@id":"https:\/\/www.hotballoonride.com\/pl\/#breadcrumb","itemListElement":[{"@type":"ListItem","position":1,"name":"Home","item":"https:\/\/www.hotballoonride.com\/pl\/"},{"@type":"ListItem","position":2,"name":"Homepage"}]},{"@type":"WebSite","@id":"https:\/\/www.hotballoonride.com\/pl\/#website","url":"https:\/\/www.hotballoonride.com\/pl\/","name":"Turkey Hot Air Balloon PL","description":"www.hotballoonride.com\/pl","potentialAction":[{"@type":"SearchAction","target":{"@type":"EntryPoint","urlTemplate":"https:\/\/www.hotballoonride.com\/pl\/?s={search_term_string}"},"query-input":"required name=search_term_string"}],"inLanguage":"pl-PL"}]}},"_links":{"self":[{"href":"https:\/\/www.hotballoonride.com\/pl\/wp-json\/wp\/v2\/pages\/5228"}],"collection":[{"href":"https:\/\/www.hotballoonride.com\/pl\/wp-json\/wp\/v2\/pages"}],"about":[{"href":"https:\/\/www.hotballoonride.com\/pl\/wp-json\/wp\/v2\/types\/page"}],"author":[{"embeddable":true,"href":"https:\/\/www.hotballoonride.com\/pl\/wp-json\/wp\/v2\/users\/1"}],"replies":[{"embeddable":true,"href":"https:\/\/www.hotballoonride.com\/pl\/wp-json\/wp\/v2\/comments?post=5228"}],"version-history":[{"count":5,"href":"https:\/\/www.hotballoonride.com\/pl\/wp-json\/wp\/v2\/pages\/5228\/revisions"}],"predecessor-version":[{"id":22602,"href":"https:\/\/www.hotballoonride.com\/pl\/wp-json\/wp\/v2\/pages\/5228\/revisions\/22602"}],"wp:attachment":[{"href":"https:\/\/www.hotballoonride.com\/pl\/wp-json\/wp\/v2\/media?parent=5228"}],"curies":[{"name":"wp","href":"https:\/\/api.w.org\/{rel}","templated":true}]}}