{"id":5228,"date":"2018-06-20T07:45:07","date_gmt":"2018-06-20T07:45:07","guid":{"rendered":"https:\/\/demo.goodlayers.com\/traveltour\/yachttour\/?page_id=5228"},"modified":"2022-03-30T19:01:05","modified_gmt":"2022-03-30T19:01:05","slug":"homepage","status":"publish","type":"page","link":"https:\/\/www.hotballoonride.com\/fr\/","title":{"rendered":"Page d&rsquo;accueil"},"content":{"rendered":"","protected":false},"excerpt":{"rendered":"","protected":false},"author":1,"featured_media":0,"parent":0,"menu_order":0,"comment_status":"closed","ping_status":"closed","template":"","meta":[],"yoast_head":"<!-- This site is optimized with the Yoast SEO plugin v21.1 - https:\/\/yoast.com\/wordpress\/plugins\/seo\/ -->\n<title>Montgolfi\u00e8re Turquie - Combats de montgolfi\u00e8res en Turquie - HotBalloonRide<\/title>\n<meta name=\"description\" content=\"Meilleures excursions en montgolfi\u00e8re en Turquie. Vous pouvez effectuer vos r\u00e9servations en ligne SANS PAIEMENT EN LIGNE, vous n&#039;avez donc pas besoin de cartes de cr\u00e9dit, ni de transfert d&#039;argent.\" \/>\n<meta name=\"robots\" content=\"index, follow, max-snippet:-1, max-image-preview:large, max-video-preview:-1\" \/>\n<link rel=\"canonical\" href=\"https:\/\/www.hotballoonride.com\/fr\/\" \/>\n<meta property=\"og:locale\" content=\"fr_FR\" \/>\n<meta property=\"og:type\" content=\"article\" \/>\n<meta property=\"og:title\" content=\"Montgolfi\u00e8re Turquie - Combats de montgolfi\u00e8res en Turquie - HotBalloonRide\" \/>\n<meta property=\"og:description\" content=\"Meilleures excursions en montgolfi\u00e8re en Turquie. Vous pouvez effectuer vos r\u00e9servations en ligne SANS PAIEMENT EN LIGNE, vous n&#039;avez donc pas besoin de cartes de cr\u00e9dit, ni de transfert d&#039;argent.\" \/>\n<meta property=\"og:url\" content=\"https:\/\/www.hotballoonride.com\/fr\/\" \/>\n<meta property=\"og:site_name\" content=\"Turkey Hot Air Balloon FR\" \/>\n<meta property=\"article:modified_time\" content=\"2022-03-30T19:01:05+00:00\" \/>\n<meta property=\"og:image\" content=\"https:\/\/www.hotballoonride.com\/fr\/wp-content\/uploads\/sites\/6\/2020\/12\/wwwrrr.jpg\" \/>\n\t<meta property=\"og:image:width\" content=\"1900\" \/>\n\t<meta property=\"og:image:height\" content=\"1069\" \/>\n\t<meta property=\"og:image:type\" content=\"image\/jpeg\" \/>\n<meta name=\"twitter:card\" content=\"summary_large_image\" \/>\n<meta name=\"twitter:title\" content=\"Montgolfi\u00e8re Turquie - Combats de montgolfi\u00e8res en Turquie - HotBalloonRide\" \/>\n<meta name=\"twitter:description\" content=\"Meilleures excursions en montgolfi\u00e8re en Turquie. Vous pouvez effectuer vos r\u00e9servations en ligne SANS PAIEMENT EN LIGNE, vous n&#039;avez donc pas besoin de cartes de cr\u00e9dit, ni de transfert d&#039;argent.\" \/>\n<meta name=\"twitter:image\" content=\"https:\/\/www.hotballoonride.com\/fr\/wp-content\/uploads\/sites\/6\/2020\/12\/wwwrrr.jpg\" \/>\n<script type=\"application\/ld+json\" class=\"yoast-schema-graph\">{\"@context\":\"https:\/\/schema.org\",\"@graph\":[{\"@type\":\"WebPage\",\"@id\":\"https:\/\/www.hotballoonride.com\/fr\/\",\"url\":\"https:\/\/www.hotballoonride.com\/fr\/\",\"name\":\"Montgolfi\u00e8re Turquie - Combats de montgolfi\u00e8res en Turquie - HotBalloonRide\",\"isPartOf\":{\"@id\":\"https:\/\/www.hotballoonride.com\/fr\/#website\"},\"datePublished\":\"2018-06-20T07:45:07+00:00\",\"dateModified\":\"2022-03-30T19:01:05+00:00\",\"description\":\"Meilleures excursions en montgolfi\u00e8re en Turquie. Vous pouvez effectuer vos r\u00e9servations en ligne SANS PAIEMENT EN LIGNE, vous n'avez donc pas besoin de cartes de cr\u00e9dit, ni de transfert d'argent.\",\"breadcrumb\":{\"@id\":\"https:\/\/www.hotballoonride.com\/fr\/#breadcrumb\"},\"inLanguage\":\"fr-FR\",\"potentialAction\":[{\"@type\":\"ReadAction\",\"target\":[\"https:\/\/www.hotballoonride.com\/fr\/\"]}]},{\"@type\":\"BreadcrumbList\",\"@id\":\"https:\/\/www.hotballoonride.com\/fr\/#breadcrumb\",\"itemListElement\":[{\"@type\":\"ListItem\",\"position\":1,\"name\":\"Home\",\"item\":\"https:\/\/www.hotballoonride.com\/fr\/\"},{\"@type\":\"ListItem\",\"position\":2,\"name\":\"Page d&rsquo;accueil\"}]},{\"@type\":\"WebSite\",\"@id\":\"https:\/\/www.hotballoonride.com\/fr\/#website\",\"url\":\"https:\/\/www.hotballoonride.com\/fr\/\",\"name\":\"Turkey Hot Air Balloon FR\",\"description\":\"www.hotballoonride.com\/fr\",\"potentialAction\":[{\"@type\":\"SearchAction\",\"target\":{\"@type\":\"EntryPoint\",\"urlTemplate\":\"https:\/\/www.hotballoonride.com\/fr\/?s={search_term_string}\"},\"query-input\":\"required name=search_term_string\"}],\"inLanguage\":\"fr-FR\"}]}<\/script>\n<!-- \/ Yoast SEO plugin. -->","yoast_head_json":{"title":"Montgolfi\u00e8re Turquie - Combats de montgolfi\u00e8res en Turquie - HotBalloonRide","description":"Meilleures excursions en montgolfi\u00e8re en Turquie. Vous pouvez effectuer vos r\u00e9servations en ligne SANS PAIEMENT EN LIGNE, vous n'avez donc pas besoin de cartes de cr\u00e9dit, ni de transfert d'argent.","robots":{"index":"index","follow":"follow","max-snippet":"max-snippet:-1","max-image-preview":"max-image-preview:large","max-video-preview":"max-video-preview:-1"},"canonical":"https:\/\/www.hotballoonride.com\/fr\/","og_locale":"fr_FR","og_type":"article","og_title":"Montgolfi\u00e8re Turquie - Combats de montgolfi\u00e8res en Turquie - HotBalloonRide","og_description":"Meilleures excursions en montgolfi\u00e8re en Turquie. Vous pouvez effectuer vos r\u00e9servations en ligne SANS PAIEMENT EN LIGNE, vous n'avez donc pas besoin de cartes de cr\u00e9dit, ni de transfert d'argent.","og_url":"https:\/\/www.hotballoonride.com\/fr\/","og_site_name":"Turkey Hot Air Balloon FR","article_modified_time":"2022-03-30T19:01:05+00:00","og_image":[{"width":1900,"height":1069,"url":"https:\/\/www.hotballoonride.com\/fr\/wp-content\/uploads\/sites\/6\/2020\/12\/wwwrrr.jpg","type":"image\/jpeg"}],"twitter_card":"summary_large_image","twitter_title":"Montgolfi\u00e8re Turquie - Combats de montgolfi\u00e8res en Turquie - HotBalloonRide","twitter_description":"Meilleures excursions en montgolfi\u00e8re en Turquie. Vous pouvez effectuer vos r\u00e9servations en ligne SANS PAIEMENT EN LIGNE, vous n'avez donc pas besoin de cartes de cr\u00e9dit, ni de transfert d'argent.","twitter_image":"https:\/\/www.hotballoonride.com\/fr\/wp-content\/uploads\/sites\/6\/2020\/12\/wwwrrr.jpg","schema":{"@context":"https:\/\/schema.org","@graph":[{"@type":"WebPage","@id":"https:\/\/www.hotballoonride.com\/fr\/","url":"https:\/\/www.hotballoonride.com\/fr\/","name":"Montgolfi\u00e8re Turquie - Combats de montgolfi\u00e8res en Turquie - HotBalloonRide","isPartOf":{"@id":"https:\/\/www.hotballoonride.com\/fr\/#website"},"datePublished":"2018-06-20T07:45:07+00:00","dateModified":"2022-03-30T19:01:05+00:00","description":"Meilleures excursions en montgolfi\u00e8re en Turquie. Vous pouvez effectuer vos r\u00e9servations en ligne SANS PAIEMENT EN LIGNE, vous n'avez donc pas besoin de cartes de cr\u00e9dit, ni de transfert d'argent.","breadcrumb":{"@id":"https:\/\/www.hotballoonride.com\/fr\/#breadcrumb"},"inLanguage":"fr-FR","potentialAction":[{"@type":"ReadAction","target":["https:\/\/www.hotballoonride.com\/fr\/"]}]},{"@type":"BreadcrumbList","@id":"https:\/\/www.hotballoonride.com\/fr\/#breadcrumb","itemListElement":[{"@type":"ListItem","position":1,"name":"Home","item":"https:\/\/www.hotballoonride.com\/fr\/"},{"@type":"ListItem","position":2,"name":"Page d&rsquo;accueil"}]},{"@type":"WebSite","@id":"https:\/\/www.hotballoonride.com\/fr\/#website","url":"https:\/\/www.hotballoonride.com\/fr\/","name":"Turkey Hot Air Balloon FR","description":"www.hotballoonride.com\/fr","potentialAction":[{"@type":"SearchAction","target":{"@type":"EntryPoint","urlTemplate":"https:\/\/www.hotballoonride.com\/fr\/?s={search_term_string}"},"query-input":"required name=search_term_string"}],"inLanguage":"fr-FR"}]}},"_links":{"self":[{"href":"https:\/\/www.hotballoonride.com\/fr\/wp-json\/wp\/v2\/pages\/5228"}],"collection":[{"href":"https:\/\/www.hotballoonride.com\/fr\/wp-json\/wp\/v2\/pages"}],"about":[{"href":"https:\/\/www.hotballoonride.com\/fr\/wp-json\/wp\/v2\/types\/page"}],"author":[{"embeddable":true,"href":"https:\/\/www.hotballoonride.com\/fr\/wp-json\/wp\/v2\/users\/1"}],"replies":[{"embeddable":true,"href":"https:\/\/www.hotballoonride.com\/fr\/wp-json\/wp\/v2\/comments?post=5228"}],"version-history":[{"count":6,"href":"https:\/\/www.hotballoonride.com\/fr\/wp-json\/wp\/v2\/pages\/5228\/revisions"}],"predecessor-version":[{"id":22581,"href":"https:\/\/www.hotballoonride.com\/fr\/wp-json\/wp\/v2\/pages\/5228\/revisions\/22581"}],"wp:attachment":[{"href":"https:\/\/www.hotballoonride.com\/fr\/wp-json\/wp\/v2\/media?parent=5228"}],"curies":[{"name":"wp","href":"https:\/\/api.w.org\/{rel}","templated":true}]}}